{"id":735,"date":"2025-08-11T20:14:43","date_gmt":"2025-08-11T20:14:43","guid":{"rendered":"https:\/\/hotelitolindo.net\/?post_type=product&#038;p=735"},"modified":"2025-08-11T20:14:43","modified_gmt":"2025-08-11T20:14:43","slug":"enchiladas-rojas","status":"publish","type":"product","link":"https:\/\/hotelitolindo.net\/es\/producto\/enchiladas-rojas\/","title":{"rendered":"Enchiladas Rojas"},"content":{"rendered":"<p style=\"text-align: left;\">Tortillas de ma\u00edz rellenas de pollo o queso, ba\u00f1adas en salsa roja de chile guajillo, acompa\u00f1adas con crema, queso fresco, cebolla<\/p>","protected":false},"excerpt":{"rendered":"<p>Tortillas de ma\u00edz rellenas de pollo o queso, ba\u00f1adas en salsa roja de chile guajillo, acompa\u00f1adas con crema, queso fresco, [&hellip;]<\/p>","protected":false},"featured_media":736,"comment_status":"open","ping_status":"closed","template":"","meta":{"_surecart_dashboard_logo_width":"180px","_surecart_dashboard_show_logo":true,"_surecart_dashboard_navigation_orders":true,"_surecart_dashboard_navigation_invoices":true,"_surecart_dashboard_navigation_subscriptions":true,"_surecart_dashboard_navigation_downloads":true,"_surecart_dashboard_navigation_billing":true,"_surecart_dashboard_navigation_account":true,"_uag_custom_page_level_css":"","site-sidebar-layout":"default","site-content-layout":"","ast-site-content-layout":"default","site-content-style":"default","site-sidebar-style":"default","ast-global-header-display":"","ast-banner-title-visibility":"","ast-main-header-display":"","ast-hfb-above-header-display":"","ast-hfb-below-header-display":"","ast-hfb-mobile-header-display":"","site-post-title":"","ast-breadcrumbs-content":"","ast-featured-img":"","footer-sml-layout":"","theme-transparent-header-meta":"default","adv-header-id-meta":"","stick-header-meta":"","header-above-stick-meta":"","header-main-stick-meta":"","header-below-stick-meta":"","astra-migrate-meta-layouts":"set","ast-page-background-enabled":"default","ast-page-background-meta":{"desktop":{"background-color":"var(--ast-global-color-4)","background-image":"","background-repeat":"repeat","background-position":"center center","background-size":"auto","background-attachment":"scroll","background-type":"","background-media":"","overlay-type":"","overlay-color":"","overlay-opacity":"","overlay-gradient":""},"tablet":{"background-color":"","background-image":"","background-repeat":"repeat","background-position":"center center","background-size":"auto","background-attachment":"scroll","background-type":"","background-media":"","overlay-type":"","overlay-color":"","overlay-opacity":"","overlay-gradient":""},"mobile":{"background-color":"","background-image":"","background-repeat":"repeat","background-position":"center center","background-size":"auto","background-attachment":"scroll","background-type":"","background-media":"","overlay-type":"","overlay-color":"","overlay-opacity":"","overlay-gradient":""}},"ast-content-background-meta":{"desktop":{"background-color":"var(--ast-global-color-5)","background-image":"","background-repeat":"repeat","background-position":"center center","background-size":"auto","background-attachment":"scroll","background-type":"","background-media":"","overlay-type":"","overlay-color":"","overlay-opacity":"","overlay-gradient":""},"tablet":{"background-color":"var(--ast-global-color-5)","background-image":"","background-repeat":"repeat","background-position":"center center","background-size":"auto","background-attachment":"scroll","background-type":"","background-media":"","overlay-type":"","overlay-color":"","overlay-opacity":"","overlay-gradient":""},"mobile":{"background-color":"var(--ast-global-color-5)","background-image":"","background-repeat":"repeat","background-position":"center center","background-size":"auto","background-attachment":"scroll","background-type":"","background-media":"","overlay-type":"","overlay-color":"","overlay-opacity":"","overlay-gradient":""}}},"product_brand":[],"product_cat":[18],"product_tag":[],"class_list":{"0":"post-735","1":"product","2":"type-product","3":"status-publish","4":"has-post-thumbnail","6":"product_cat-desayunos","7":"desktop-align-left","8":"tablet-align-left","9":"mobile-align-left","11":"first","12":"instock","13":"shipping-taxable","14":"purchasable","15":"product-type-simple"},"uagb_featured_image_src":{"full":["https:\/\/hotelitolindo.net\/wp-content\/uploads\/2025\/08\/red-mole-enchiladas.jpg",1200,800,false],"thumbnail":["https:\/\/hotelitolindo.net\/wp-content\/uploads\/2025\/08\/red-mole-enchiladas-150x150.jpg",150,150,true],"medium":["https:\/\/hotelitolindo.net\/wp-content\/uploads\/2025\/08\/red-mole-enchiladas-300x200.jpg",300,200,true],"medium_large":["https:\/\/hotelitolindo.net\/wp-content\/uploads\/2025\/08\/red-mole-enchiladas-768x512.jpg",768,512,true],"large":["https:\/\/hotelitolindo.net\/wp-content\/uploads\/2025\/08\/red-mole-enchiladas-1024x683.jpg",1024,683,true],"1536x1536":["https:\/\/hotelitolindo.net\/wp-content\/uploads\/2025\/08\/red-mole-enchiladas.jpg",1200,800,false],"2048x2048":["https:\/\/hotelitolindo.net\/wp-content\/uploads\/2025\/08\/red-mole-enchiladas.jpg",1200,800,false],"trp-custom-language-flag":["https:\/\/hotelitolindo.net\/wp-content\/uploads\/2025\/08\/red-mole-enchiladas.jpg",18,12,false],"woocommerce_thumbnail":["https:\/\/hotelitolindo.net\/wp-content\/uploads\/2025\/08\/red-mole-enchiladas-300x300.jpg",300,300,true],"woocommerce_single":["https:\/\/hotelitolindo.net\/wp-content\/uploads\/2025\/08\/red-mole-enchiladas-600x400.jpg",600,400,true],"woocommerce_gallery_thumbnail":["https:\/\/hotelitolindo.net\/wp-content\/uploads\/2025\/08\/red-mole-enchiladas-100x100.jpg",100,100,true]},"uagb_author_info":{"display_name":"dtics.usag@gmail.com","author_link":"https:\/\/hotelitolindo.net\/es\/author\/"},"uagb_comment_info":0,"uagb_excerpt":"Tortillas de ma\u00edz rellenas de pollo o queso, ba\u00f1adas en salsa roja de chile guajillo, acompa\u00f1adas con crema, queso fresco, [&hellip;]","_links":{"self":[{"href":"https:\/\/hotelitolindo.net\/es\/wp-json\/wp\/v2\/product\/735","targetHints":{"allow":["GET"]}}],"collection":[{"href":"https:\/\/hotelitolindo.net\/es\/wp-json\/wp\/v2\/product"}],"about":[{"href":"https:\/\/hotelitolindo.net\/es\/wp-json\/wp\/v2\/types\/product"}],"replies":[{"embeddable":true,"href":"https:\/\/hotelitolindo.net\/es\/wp-json\/wp\/v2\/comments?post=735"}],"wp:featuredmedia":[{"embeddable":true,"href":"https:\/\/hotelitolindo.net\/es\/wp-json\/wp\/v2\/media\/736"}],"wp:attachment":[{"href":"https:\/\/hotelitolindo.net\/es\/wp-json\/wp\/v2\/media?parent=735"}],"wp:term":[{"taxonomy":"product_brand","embeddable":true,"href":"https:\/\/hotelitolindo.net\/es\/wp-json\/wp\/v2\/product_brand?post=735"},{"taxonomy":"product_cat","embeddable":true,"href":"https:\/\/hotelitolindo.net\/es\/wp-json\/wp\/v2\/product_cat?post=735"},{"taxonomy":"product_tag","embeddable":true,"href":"https:\/\/hotelitolindo.net\/es\/wp-json\/wp\/v2\/product_tag?post=735"}],"curies":[{"name":"wp","href":"https:\/\/api.w.org\/{rel}","templated":true}]}}