{"id":729,"date":"2025-08-11T20:10:38","date_gmt":"2025-08-11T20:10:38","guid":{"rendered":"https:\/\/hotelitolindo.net\/?post_type=product&#038;p=729"},"modified":"2025-08-11T20:10:38","modified_gmt":"2025-08-11T20:10:38","slug":"enmoladas","status":"publish","type":"product","link":"https:\/\/hotelitolindo.net\/es\/producto\/enmoladas\/","title":{"rendered":"Enmoladas"},"content":{"rendered":"<p>Tortillas de ma\u00edz rellenas (de pollo o queso), ba\u00f1adas en mole casero, decoradas con crema, queso fresco y cebolla morada. Acompa\u00f1adas de frijoles refritos.<\/p>","protected":false},"excerpt":{"rendered":"<p>Tortillas de ma\u00edz rellenas (de pollo o queso), ba\u00f1adas en mole casero, decoradas con crema, queso fresco y cebolla morada. [&hellip;]<\/p>","protected":false},"featured_media":730,"comment_status":"open","ping_status":"closed","template":"","meta":{"_surecart_dashboard_logo_width":"180px","_surecart_dashboard_show_logo":true,"_surecart_dashboard_navigation_orders":true,"_surecart_dashboard_navigation_invoices":true,"_surecart_dashboard_navigation_subscriptions":true,"_surecart_dashboard_navigation_downloads":true,"_surecart_dashboard_navigation_billing":true,"_surecart_dashboard_navigation_account":true,"_uag_custom_page_level_css":"","site-sidebar-layout":"default","site-content-layout":"","ast-site-content-layout":"default","site-content-style":"default","site-sidebar-style":"default","ast-global-header-display":"","ast-banner-title-visibility":"","ast-main-header-display":"","ast-hfb-above-header-display":"","ast-hfb-below-header-display":"","ast-hfb-mobile-header-display":"","site-post-title":"","ast-breadcrumbs-content":"","ast-featured-img":"","footer-sml-layout":"","theme-transparent-header-meta":"default","adv-header-id-meta":"","stick-header-meta":"","header-above-stick-meta":"","header-main-stick-meta":"","header-below-stick-meta":"","astra-migrate-meta-layouts":"set","ast-page-background-enabled":"default","ast-page-background-meta":{"desktop":{"background-color":"var(--ast-global-color-4)","background-image":"","background-repeat":"repeat","background-position":"center center","background-size":"auto","background-attachment":"scroll","background-type":"","background-media":"","overlay-type":"","overlay-color":"","overlay-opacity":"","overlay-gradient":""},"tablet":{"background-color":"","background-image":"","background-repeat":"repeat","background-position":"center center","background-size":"auto","background-attachment":"scroll","background-type":"","background-media":"","overlay-type":"","overlay-color":"","overlay-opacity":"","overlay-gradient":""},"mobile":{"background-color":"","background-image":"","background-repeat":"repeat","background-position":"center center","background-size":"auto","background-attachment":"scroll","background-type":"","background-media":"","overlay-type":"","overlay-color":"","overlay-opacity":"","overlay-gradient":""}},"ast-content-background-meta":{"desktop":{"background-color":"var(--ast-global-color-5)","background-image":"","background-repeat":"repeat","background-position":"center center","background-size":"auto","background-attachment":"scroll","background-type":"","background-media":"","overlay-type":"","overlay-color":"","overlay-opacity":"","overlay-gradient":""},"tablet":{"background-color":"var(--ast-global-color-5)","background-image":"","background-repeat":"repeat","background-position":"center center","background-size":"auto","background-attachment":"scroll","background-type":"","background-media":"","overlay-type":"","overlay-color":"","overlay-opacity":"","overlay-gradient":""},"mobile":{"background-color":"var(--ast-global-color-5)","background-image":"","background-repeat":"repeat","background-position":"center center","background-size":"auto","background-attachment":"scroll","background-type":"","background-media":"","overlay-type":"","overlay-color":"","overlay-opacity":"","overlay-gradient":""}}},"product_brand":[],"product_cat":[18],"product_tag":[],"class_list":{"0":"post-729","1":"product","2":"type-product","3":"status-publish","4":"has-post-thumbnail","6":"product_cat-desayunos","7":"desktop-align-left","8":"tablet-align-left","9":"mobile-align-left","11":"first","12":"instock","13":"shipping-taxable","14":"purchasable","15":"product-type-simple"},"uagb_featured_image_src":{"full":["https:\/\/hotelitolindo.net\/wp-content\/uploads\/2025\/08\/OIP-2.jpeg",219,180,false],"thumbnail":["https:\/\/hotelitolindo.net\/wp-content\/uploads\/2025\/08\/OIP-2-150x150.jpeg",150,150,true],"medium":["https:\/\/hotelitolindo.net\/wp-content\/uploads\/2025\/08\/OIP-2.jpeg",219,180,false],"medium_large":["https:\/\/hotelitolindo.net\/wp-content\/uploads\/2025\/08\/OIP-2.jpeg",219,180,false],"large":["https:\/\/hotelitolindo.net\/wp-content\/uploads\/2025\/08\/OIP-2.jpeg",219,180,false],"1536x1536":["https:\/\/hotelitolindo.net\/wp-content\/uploads\/2025\/08\/OIP-2.jpeg",219,180,false],"2048x2048":["https:\/\/hotelitolindo.net\/wp-content\/uploads\/2025\/08\/OIP-2.jpeg",219,180,false],"trp-custom-language-flag":["https:\/\/hotelitolindo.net\/wp-content\/uploads\/2025\/08\/OIP-2.jpeg",15,12,false],"woocommerce_thumbnail":["https:\/\/hotelitolindo.net\/wp-content\/uploads\/2025\/08\/OIP-2.jpeg",219,180,false],"woocommerce_single":["https:\/\/hotelitolindo.net\/wp-content\/uploads\/2025\/08\/OIP-2.jpeg",219,180,false],"woocommerce_gallery_thumbnail":["https:\/\/hotelitolindo.net\/wp-content\/uploads\/2025\/08\/OIP-2-100x100.jpeg",100,100,true]},"uagb_author_info":{"display_name":"dtics.usag@gmail.com","author_link":"https:\/\/hotelitolindo.net\/es\/author\/"},"uagb_comment_info":0,"uagb_excerpt":"Tortillas de ma\u00edz rellenas (de pollo o queso), ba\u00f1adas en mole casero, decoradas con crema, queso fresco y cebolla morada. [&hellip;]","_links":{"self":[{"href":"https:\/\/hotelitolindo.net\/es\/wp-json\/wp\/v2\/product\/729","targetHints":{"allow":["GET"]}}],"collection":[{"href":"https:\/\/hotelitolindo.net\/es\/wp-json\/wp\/v2\/product"}],"about":[{"href":"https:\/\/hotelitolindo.net\/es\/wp-json\/wp\/v2\/types\/product"}],"replies":[{"embeddable":true,"href":"https:\/\/hotelitolindo.net\/es\/wp-json\/wp\/v2\/comments?post=729"}],"wp:featuredmedia":[{"embeddable":true,"href":"https:\/\/hotelitolindo.net\/es\/wp-json\/wp\/v2\/media\/730"}],"wp:attachment":[{"href":"https:\/\/hotelitolindo.net\/es\/wp-json\/wp\/v2\/media?parent=729"}],"wp:term":[{"taxonomy":"product_brand","embeddable":true,"href":"https:\/\/hotelitolindo.net\/es\/wp-json\/wp\/v2\/product_brand?post=729"},{"taxonomy":"product_cat","embeddable":true,"href":"https:\/\/hotelitolindo.net\/es\/wp-json\/wp\/v2\/product_cat?post=729"},{"taxonomy":"product_tag","embeddable":true,"href":"https:\/\/hotelitolindo.net\/es\/wp-json\/wp\/v2\/product_tag?post=729"}],"curies":[{"name":"wp","href":"https:\/\/api.w.org\/{rel}","templated":true}]}}